{"id":5557,"date":"2020-06-29T22:33:22","date_gmt":"2020-06-29T20:33:22","guid":{"rendered":"http:\/\/www.timetogether.fr\/?page_id=5557"},"modified":"2020-07-29T17:55:41","modified_gmt":"2020-07-29T15:55:41","slug":"evjf-evg","status":"publish","type":"page","link":"https:\/\/www.timetogether.fr\/index.php\/evjf-evg\/","title":{"rendered":"EVJF \/ EVG"},"content":{"rendered":"<p>[vc_row][vc_column][vc_column_text]<em><span style=\"font-weight: 400;\">Vous cherchez une animation originale pour votre EVJF \/ EVG? Le rire et la bonne ambiance sont votre priorit\u00e9 ? Vous souhaitez\u00a0 cr\u00e9er un r\u00e9el esprit de groupe? Le yoga du rire est fait pour vous !<\/span><\/em><\/p>\n<p><span style=\"font-weight: 400;\">Quelques uns des nombreux bienfaits : r\u00e9duction du stress, bien-\u00eatre, stimulation intellectuelle, augmentation de la cr\u00e9ativit\u00e9, esprit d&rsquo;\u00e9quipe&#8230;<\/span><\/p>\n<p><span style=\"font-weight: 400;\">Comment \u00e7a se passe ? C\u2019est tr\u00e8s simple : vous me partagez vos passions et je m\u2019occupe du reste !<\/span><\/p>\n<p><span style=\"font-weight: 400;\">Il ne restera plus qu\u2019\u00e0 d\u00e9finir le cr\u00e9neau, le lieu, pr\u00e9voir des tenues d\u00e9contract\u00e9es et vous laisser porter par les rires.<\/span><\/p>\n<p><span style=\"font-weight: 400;\">Minimum 6 personnes.<br \/>\n<\/span><span style=\"font-weight: 400;\">Sur Lille et environs.<br \/>\n<\/span><span style=\"font-weight: 400;\">Devis sur demande<\/span>[\/vc_column_text][\/vc_column][\/vc_row][vc_row][vc_column][vc_btn title=\u00a0\u00bbContactez-moi !\u00a0\u00bb color=\u00a0\u00bbviolet\u00a0\u00bb size=\u00a0\u00bblg\u00a0\u00bb align=\u00a0\u00bbcenter\u00a0\u00bb link=\u00a0\u00bburl:http%3A%2F%2Fwww.timetogether.fr%2Findex.php%2Fcontact%2F|title:Contactez-moi%20!||\u00a0\u00bb][\/vc_column][\/vc_row][vc_row][vc_column][vc_single_image image=\u00a0\u00bb5472&Prime; img_size=\u00a0\u00bblarge\u00a0\u00bb alignment=\u00a0\u00bbcenter\u00a0\u00bb][\/vc_column][\/vc_row]<\/p>\n","protected":false},"excerpt":{"rendered":"<p>[vc_row][vc_column][vc_column_text]Vous cherchez une animation originale pour votre EVJF \/ EVG? Le rire et la bonne ambiance sont votre priorit\u00e9 ? Vous souhaitez\u00a0 cr\u00e9er un r\u00e9el esprit de groupe? Le yoga du rire est fait pour vous ! Quelques uns des nombreux bienfaits : r\u00e9duction du stress, bien-\u00eatre, stimulation intellectuelle, augmentation de la cr\u00e9ativit\u00e9, esprit d&rsquo;\u00e9quipe&#8230;&#8230;<\/p>\n","protected":false},"author":2,"featured_media":0,"parent":0,"menu_order":0,"comment_status":"closed","ping_status":"closed","template":"","meta":{"inline_featured_image":false,"footnotes":""},"class_list":["post-5557","page","type-page","status-publish","hentry"],"yoast_head":"<!-- This site is optimized with the Yoast SEO plugin v24.7 - https:\/\/yoast.com\/wordpress\/plugins\/seo\/ -->\n<title>EVJF \/ EVG - Time Together - Yoga du rire<\/title>\n<meta name=\"robots\" content=\"index, follow, max-snippet:-1, max-image-preview:large, max-video-preview:-1\" \/>\n<link rel=\"canonical\" href=\"https:\/\/www.timetogether.fr\/index.php\/evjf-evg\/\" \/>\n<meta property=\"og:locale\" content=\"fr_FR\" \/>\n<meta property=\"og:type\" content=\"article\" \/>\n<meta property=\"og:title\" content=\"EVJF \/ EVG - Time Together - Yoga du rire\" \/>\n<meta property=\"og:description\" content=\"[vc_row][vc_column][vc_column_text]Vous cherchez une animation originale pour votre EVJF \/ EVG? Le rire et la bonne ambiance sont votre priorit\u00e9 ? Vous souhaitez\u00a0 cr\u00e9er un r\u00e9el esprit de groupe? Le yoga du rire est fait pour vous ! Quelques uns des nombreux bienfaits : r\u00e9duction du stress, bien-\u00eatre, stimulation intellectuelle, augmentation de la cr\u00e9ativit\u00e9, esprit d&rsquo;\u00e9quipe&#8230;...\" \/>\n<meta property=\"og:url\" content=\"https:\/\/www.timetogether.fr\/index.php\/evjf-evg\/\" \/>\n<meta property=\"og:site_name\" content=\"Time Together - Yoga du rire\" \/>\n<meta property=\"article:modified_time\" content=\"2020-07-29T15:55:41+00:00\" \/>\n<meta name=\"twitter:card\" content=\"summary_large_image\" \/>\n<meta name=\"twitter:label1\" content=\"Dur\u00e9e de lecture estim\u00e9e\" \/>\n\t<meta name=\"twitter:data1\" content=\"1 minute\" \/>\n<script type=\"application\/ld+json\" class=\"yoast-schema-graph\">{\"@context\":\"https:\/\/schema.org\",\"@graph\":[{\"@type\":\"WebPage\",\"@id\":\"https:\/\/www.timetogether.fr\/index.php\/evjf-evg\/\",\"url\":\"https:\/\/www.timetogether.fr\/index.php\/evjf-evg\/\",\"name\":\"EVJF \/ EVG - Time Together - Yoga du rire\",\"isPartOf\":{\"@id\":\"https:\/\/www.timetogether.fr\/#website\"},\"datePublished\":\"2020-06-29T20:33:22+00:00\",\"dateModified\":\"2020-07-29T15:55:41+00:00\",\"breadcrumb\":{\"@id\":\"https:\/\/www.timetogether.fr\/index.php\/evjf-evg\/#breadcrumb\"},\"inLanguage\":\"fr-FR\",\"potentialAction\":[{\"@type\":\"ReadAction\",\"target\":[\"https:\/\/www.timetogether.fr\/index.php\/evjf-evg\/\"]}]},{\"@type\":\"BreadcrumbList\",\"@id\":\"https:\/\/www.timetogether.fr\/index.php\/evjf-evg\/#breadcrumb\",\"itemListElement\":[{\"@type\":\"ListItem\",\"position\":1,\"name\":\"Accueil\",\"item\":\"https:\/\/www.timetogether.fr\/\"},{\"@type\":\"ListItem\",\"position\":2,\"name\":\"EVJF \/ EVG\"}]},{\"@type\":\"WebSite\",\"@id\":\"https:\/\/www.timetogether.fr\/#website\",\"url\":\"https:\/\/www.timetogether.fr\/\",\"name\":\"Time Together - Yoga du rire\",\"description\":\"Prenez le temps de vous r\u00e9v\u00e9ler \u00e0 vous-m\u00eame !\",\"potentialAction\":[{\"@type\":\"SearchAction\",\"target\":{\"@type\":\"EntryPoint\",\"urlTemplate\":\"https:\/\/www.timetogether.fr\/?s={search_term_string}\"},\"query-input\":{\"@type\":\"PropertyValueSpecification\",\"valueRequired\":true,\"valueName\":\"search_term_string\"}}],\"inLanguage\":\"fr-FR\"}]}<\/script>\n<!-- \/ Yoast SEO plugin. -->","yoast_head_json":{"title":"EVJF \/ EVG - Time Together - Yoga du rire","robots":{"index":"index","follow":"follow","max-snippet":"max-snippet:-1","max-image-preview":"max-image-preview:large","max-video-preview":"max-video-preview:-1"},"canonical":"https:\/\/www.timetogether.fr\/index.php\/evjf-evg\/","og_locale":"fr_FR","og_type":"article","og_title":"EVJF \/ EVG - Time Together - Yoga du rire","og_description":"[vc_row][vc_column][vc_column_text]Vous cherchez une animation originale pour votre EVJF \/ EVG? Le rire et la bonne ambiance sont votre priorit\u00e9 ? Vous souhaitez\u00a0 cr\u00e9er un r\u00e9el esprit de groupe? Le yoga du rire est fait pour vous ! Quelques uns des nombreux bienfaits : r\u00e9duction du stress, bien-\u00eatre, stimulation intellectuelle, augmentation de la cr\u00e9ativit\u00e9, esprit d&rsquo;\u00e9quipe&#8230;...","og_url":"https:\/\/www.timetogether.fr\/index.php\/evjf-evg\/","og_site_name":"Time Together - Yoga du rire","article_modified_time":"2020-07-29T15:55:41+00:00","twitter_card":"summary_large_image","twitter_misc":{"Dur\u00e9e de lecture estim\u00e9e":"1 minute"},"schema":{"@context":"https:\/\/schema.org","@graph":[{"@type":"WebPage","@id":"https:\/\/www.timetogether.fr\/index.php\/evjf-evg\/","url":"https:\/\/www.timetogether.fr\/index.php\/evjf-evg\/","name":"EVJF \/ EVG - Time Together - Yoga du rire","isPartOf":{"@id":"https:\/\/www.timetogether.fr\/#website"},"datePublished":"2020-06-29T20:33:22+00:00","dateModified":"2020-07-29T15:55:41+00:00","breadcrumb":{"@id":"https:\/\/www.timetogether.fr\/index.php\/evjf-evg\/#breadcrumb"},"inLanguage":"fr-FR","potentialAction":[{"@type":"ReadAction","target":["https:\/\/www.timetogether.fr\/index.php\/evjf-evg\/"]}]},{"@type":"BreadcrumbList","@id":"https:\/\/www.timetogether.fr\/index.php\/evjf-evg\/#breadcrumb","itemListElement":[{"@type":"ListItem","position":1,"name":"Accueil","item":"https:\/\/www.timetogether.fr\/"},{"@type":"ListItem","position":2,"name":"EVJF \/ EVG"}]},{"@type":"WebSite","@id":"https:\/\/www.timetogether.fr\/#website","url":"https:\/\/www.timetogether.fr\/","name":"Time Together - Yoga du rire","description":"Prenez le temps de vous r\u00e9v\u00e9ler \u00e0 vous-m\u00eame !","potentialAction":[{"@type":"SearchAction","target":{"@type":"EntryPoint","urlTemplate":"https:\/\/www.timetogether.fr\/?s={search_term_string}"},"query-input":{"@type":"PropertyValueSpecification","valueRequired":true,"valueName":"search_term_string"}}],"inLanguage":"fr-FR"}]}},"_links":{"self":[{"href":"https:\/\/www.timetogether.fr\/index.php\/wp-json\/wp\/v2\/pages\/5557","targetHints":{"allow":["GET"]}}],"collection":[{"href":"https:\/\/www.timetogether.fr\/index.php\/wp-json\/wp\/v2\/pages"}],"about":[{"href":"https:\/\/www.timetogether.fr\/index.php\/wp-json\/wp\/v2\/types\/page"}],"author":[{"embeddable":true,"href":"https:\/\/www.timetogether.fr\/index.php\/wp-json\/wp\/v2\/users\/2"}],"replies":[{"embeddable":true,"href":"https:\/\/www.timetogether.fr\/index.php\/wp-json\/wp\/v2\/comments?post=5557"}],"version-history":[{"count":0,"href":"https:\/\/www.timetogether.fr\/index.php\/wp-json\/wp\/v2\/pages\/5557\/revisions"}],"wp:attachment":[{"href":"https:\/\/www.timetogether.fr\/index.php\/wp-json\/wp\/v2\/media?parent=5557"}],"curies":[{"name":"wp","href":"https:\/\/api.w.org\/{rel}","templated":true}]}}