{"id":5572,"date":"2020-07-18T17:34:04","date_gmt":"2020-07-18T15:34:04","guid":{"rendered":"http:\/\/www.timetogether.fr\/?page_id=5572"},"modified":"2020-07-19T19:40:19","modified_gmt":"2020-07-19T17:40:19","slug":"adultes","status":"publish","type":"page","link":"https:\/\/www.timetogether.fr\/index.php\/adultes\/","title":{"rendered":"Adultes"},"content":{"rendered":"<p>[vc_row][vc_column][vc_column_text]<em><span style=\"font-weight: 400;\">Vous recherchez une nouvelle activit\u00e9 originale \u00e0 faire seul, entre amis, en couple? Vous souhaitez vivre des moments uniques de joies ? Le yoga du rire est fait pour vous !<\/span><\/em><\/p>\n<p><span style=\"font-weight: 400;\">Quelques uns des nombreux bienfaits : r\u00e9duction du stress, bien-\u00eatre, stimulation intellectuelle, augmentation de la cr\u00e9ativit\u00e9, l\u00e2cher prise\u2026<\/span><\/p>\n<p><span style=\"font-weight: 400;\">Je vais bient\u00f4t organiser des sessions en petits groupes. Les \u00e9v\u00e9nements seront relay\u00e9s sur ma page <strong><a href=\"https:\/\/www.facebook.com\/timetogetheryogadurire\" target=\"_blank\" rel=\"noopener noreferrer\">facebook<\/a><\/strong>, stay tuned !<\/span><\/p>\n<p><!--more--><\/p>\n<p><span style=\"font-weight: 400;\">Si vous souhaitez organiser une session particuli\u00e8re chez vous, n\u2019h\u00e9sitez pas.<\/span><\/p>\n<p><span style=\"font-weight: 400;\">Minimum 6 personnes : r\u00e9servation obligatoire.<\/span><\/p>\n<p><span style=\"font-weight: 400;\">Sur Wambrechies, proximit\u00e9 Bondues.<\/span>[\/vc_column_text][vc_btn title=\u00a0\u00bbContactez-moi !\u00a0\u00bb color=\u00a0\u00bbviolet\u00a0\u00bb size=\u00a0\u00bblg\u00a0\u00bb align=\u00a0\u00bbcenter\u00a0\u00bb link=\u00a0\u00bburl:http%3A%2F%2Fwww.timetogether.fr%2Findex.php%2Fcontact%2F|title:Contactez-moi%20!||\u00a0\u00bb][vc_single_image image=\u00a0\u00bb5474&Prime; img_size=\u00a0\u00bblarge\u00a0\u00bb][\/vc_column][\/vc_row]<\/p>\n","protected":false},"excerpt":{"rendered":"<p>[vc_row][vc_column][vc_column_text]Vous recherchez une nouvelle activit\u00e9 originale \u00e0 faire seul, entre amis, en couple? Vous souhaitez vivre des moments uniques de joies ? Le yoga du rire est fait pour vous ! Quelques uns des nombreux bienfaits : r\u00e9duction du stress, bien-\u00eatre, stimulation intellectuelle, augmentation de la cr\u00e9ativit\u00e9, l\u00e2cher prise\u2026 Je vais bient\u00f4t organiser des sessions&#8230;<\/p>\n","protected":false},"author":2,"featured_media":0,"parent":0,"menu_order":0,"comment_status":"closed","ping_status":"closed","template":"","meta":{"inline_featured_image":false,"footnotes":""},"class_list":["post-5572","page","type-page","status-publish","hentry"],"yoast_head":"<!-- This site is optimized with the Yoast SEO plugin v24.7 - https:\/\/yoast.com\/wordpress\/plugins\/seo\/ -->\n<title>Adultes - Time Together - Yoga du rire<\/title>\n<meta name=\"robots\" content=\"index, follow, max-snippet:-1, max-image-preview:large, max-video-preview:-1\" \/>\n<link rel=\"canonical\" href=\"https:\/\/www.timetogether.fr\/index.php\/adultes\/\" \/>\n<meta property=\"og:locale\" content=\"fr_FR\" \/>\n<meta property=\"og:type\" content=\"article\" \/>\n<meta property=\"og:title\" content=\"Adultes - Time Together - Yoga du rire\" \/>\n<meta property=\"og:description\" content=\"[vc_row][vc_column][vc_column_text]Vous recherchez une nouvelle activit\u00e9 originale \u00e0 faire seul, entre amis, en couple? Vous souhaitez vivre des moments uniques de joies ? Le yoga du rire est fait pour vous ! Quelques uns des nombreux bienfaits : r\u00e9duction du stress, bien-\u00eatre, stimulation intellectuelle, augmentation de la cr\u00e9ativit\u00e9, l\u00e2cher prise\u2026 Je vais bient\u00f4t organiser des sessions...\" \/>\n<meta property=\"og:url\" content=\"https:\/\/www.timetogether.fr\/index.php\/adultes\/\" \/>\n<meta property=\"og:site_name\" content=\"Time Together - Yoga du rire\" \/>\n<meta property=\"article:modified_time\" content=\"2020-07-19T17:40:19+00:00\" \/>\n<meta name=\"twitter:card\" content=\"summary_large_image\" \/>\n<meta name=\"twitter:label1\" content=\"Dur\u00e9e de lecture estim\u00e9e\" \/>\n\t<meta name=\"twitter:data1\" content=\"1 minute\" \/>\n<script type=\"application\/ld+json\" class=\"yoast-schema-graph\">{\"@context\":\"https:\/\/schema.org\",\"@graph\":[{\"@type\":\"WebPage\",\"@id\":\"https:\/\/www.timetogether.fr\/index.php\/adultes\/\",\"url\":\"https:\/\/www.timetogether.fr\/index.php\/adultes\/\",\"name\":\"Adultes - Time Together - Yoga du rire\",\"isPartOf\":{\"@id\":\"https:\/\/www.timetogether.fr\/#website\"},\"datePublished\":\"2020-07-18T15:34:04+00:00\",\"dateModified\":\"2020-07-19T17:40:19+00:00\",\"breadcrumb\":{\"@id\":\"https:\/\/www.timetogether.fr\/index.php\/adultes\/#breadcrumb\"},\"inLanguage\":\"fr-FR\",\"potentialAction\":[{\"@type\":\"ReadAction\",\"target\":[\"https:\/\/www.timetogether.fr\/index.php\/adultes\/\"]}]},{\"@type\":\"BreadcrumbList\",\"@id\":\"https:\/\/www.timetogether.fr\/index.php\/adultes\/#breadcrumb\",\"itemListElement\":[{\"@type\":\"ListItem\",\"position\":1,\"name\":\"Accueil\",\"item\":\"https:\/\/www.timetogether.fr\/\"},{\"@type\":\"ListItem\",\"position\":2,\"name\":\"Adultes\"}]},{\"@type\":\"WebSite\",\"@id\":\"https:\/\/www.timetogether.fr\/#website\",\"url\":\"https:\/\/www.timetogether.fr\/\",\"name\":\"Time Together - Yoga du rire\",\"description\":\"Prenez le temps de vous r\u00e9v\u00e9ler \u00e0 vous-m\u00eame !\",\"potentialAction\":[{\"@type\":\"SearchAction\",\"target\":{\"@type\":\"EntryPoint\",\"urlTemplate\":\"https:\/\/www.timetogether.fr\/?s={search_term_string}\"},\"query-input\":{\"@type\":\"PropertyValueSpecification\",\"valueRequired\":true,\"valueName\":\"search_term_string\"}}],\"inLanguage\":\"fr-FR\"}]}<\/script>\n<!-- \/ Yoast SEO plugin. -->","yoast_head_json":{"title":"Adultes - Time Together - Yoga du rire","robots":{"index":"index","follow":"follow","max-snippet":"max-snippet:-1","max-image-preview":"max-image-preview:large","max-video-preview":"max-video-preview:-1"},"canonical":"https:\/\/www.timetogether.fr\/index.php\/adultes\/","og_locale":"fr_FR","og_type":"article","og_title":"Adultes - Time Together - Yoga du rire","og_description":"[vc_row][vc_column][vc_column_text]Vous recherchez une nouvelle activit\u00e9 originale \u00e0 faire seul, entre amis, en couple? Vous souhaitez vivre des moments uniques de joies ? Le yoga du rire est fait pour vous ! Quelques uns des nombreux bienfaits : r\u00e9duction du stress, bien-\u00eatre, stimulation intellectuelle, augmentation de la cr\u00e9ativit\u00e9, l\u00e2cher prise\u2026 Je vais bient\u00f4t organiser des sessions...","og_url":"https:\/\/www.timetogether.fr\/index.php\/adultes\/","og_site_name":"Time Together - Yoga du rire","article_modified_time":"2020-07-19T17:40:19+00:00","twitter_card":"summary_large_image","twitter_misc":{"Dur\u00e9e de lecture estim\u00e9e":"1 minute"},"schema":{"@context":"https:\/\/schema.org","@graph":[{"@type":"WebPage","@id":"https:\/\/www.timetogether.fr\/index.php\/adultes\/","url":"https:\/\/www.timetogether.fr\/index.php\/adultes\/","name":"Adultes - Time Together - Yoga du rire","isPartOf":{"@id":"https:\/\/www.timetogether.fr\/#website"},"datePublished":"2020-07-18T15:34:04+00:00","dateModified":"2020-07-19T17:40:19+00:00","breadcrumb":{"@id":"https:\/\/www.timetogether.fr\/index.php\/adultes\/#breadcrumb"},"inLanguage":"fr-FR","potentialAction":[{"@type":"ReadAction","target":["https:\/\/www.timetogether.fr\/index.php\/adultes\/"]}]},{"@type":"BreadcrumbList","@id":"https:\/\/www.timetogether.fr\/index.php\/adultes\/#breadcrumb","itemListElement":[{"@type":"ListItem","position":1,"name":"Accueil","item":"https:\/\/www.timetogether.fr\/"},{"@type":"ListItem","position":2,"name":"Adultes"}]},{"@type":"WebSite","@id":"https:\/\/www.timetogether.fr\/#website","url":"https:\/\/www.timetogether.fr\/","name":"Time Together - Yoga du rire","description":"Prenez le temps de vous r\u00e9v\u00e9ler \u00e0 vous-m\u00eame !","potentialAction":[{"@type":"SearchAction","target":{"@type":"EntryPoint","urlTemplate":"https:\/\/www.timetogether.fr\/?s={search_term_string}"},"query-input":{"@type":"PropertyValueSpecification","valueRequired":true,"valueName":"search_term_string"}}],"inLanguage":"fr-FR"}]}},"_links":{"self":[{"href":"https:\/\/www.timetogether.fr\/index.php\/wp-json\/wp\/v2\/pages\/5572","targetHints":{"allow":["GET"]}}],"collection":[{"href":"https:\/\/www.timetogether.fr\/index.php\/wp-json\/wp\/v2\/pages"}],"about":[{"href":"https:\/\/www.timetogether.fr\/index.php\/wp-json\/wp\/v2\/types\/page"}],"author":[{"embeddable":true,"href":"https:\/\/www.timetogether.fr\/index.php\/wp-json\/wp\/v2\/users\/2"}],"replies":[{"embeddable":true,"href":"https:\/\/www.timetogether.fr\/index.php\/wp-json\/wp\/v2\/comments?post=5572"}],"version-history":[{"count":0,"href":"https:\/\/www.timetogether.fr\/index.php\/wp-json\/wp\/v2\/pages\/5572\/revisions"}],"wp:attachment":[{"href":"https:\/\/www.timetogether.fr\/index.php\/wp-json\/wp\/v2\/media?parent=5572"}],"curies":[{"name":"wp","href":"https:\/\/api.w.org\/{rel}","templated":true}]}}