{"id":5644,"date":"2020-07-19T19:51:23","date_gmt":"2020-07-19T17:51:23","guid":{"rendered":"http:\/\/www.timetogether.fr\/?page_id=5644"},"modified":"2020-07-19T19:55:02","modified_gmt":"2020-07-19T17:55:02","slug":"professionnels","status":"publish","type":"page","link":"https:\/\/www.timetogether.fr\/index.php\/professionnels\/","title":{"rendered":"Professionnels"},"content":{"rendered":"<p>[vc_row][vc_column][vc_column_text]<em><span style=\"font-weight: 400;\">Vous souhaitez faire vivre de r\u00e9els moments de joie \u00e0 votre \u00e9quipe ? Vous cherchez une animation originale pour votre team building ? Le bien-\u00eatre de vos collaborateurs est votre priorit\u00e9 ? Vous souhaitez vous retrouver et re souder l\u2019esprit d\u2019\u00e9quipe ? Le yoga du rire est fait pour vous !<\/span><\/em><\/p>\n<p><span style=\"font-weight: 400;\">Quelques uns des nombreux bienfaits : r\u00e9duction du stress, bien-\u00eatre, stimulation intellectuelle, augmentation de la cr\u00e9ativit\u00e9, esprit d&rsquo;\u00e9quipe&#8230;<\/span><\/p>\n<p><span style=\"font-weight: 400;\">Comment \u00e7a se passe ? C\u2019est tr\u00e8s simple : vous me partagez vos objectifs et je m\u2019occupe du reste !<\/span><\/p>\n<p><span style=\"font-weight: 400;\">Il ne restera plus qu\u2019\u00e0 trouver une heure en commun, une salle vide chez vous, pr\u00e9voir des tenues d\u00e9contract\u00e9es et vous laisser porter par les rires.<\/span><\/p>\n<p><span style=\"font-weight: 400;\">Minimum 6 personnes.<br \/>\n<\/span><span style=\"font-weight: 400;\">Sur Lille et environs. Possibilit\u00e9 de d\u00e9placements exceptionnels.<br \/>\n<\/span><span style=\"font-weight: 400;\">Devis sur demande<\/span>[\/vc_column_text][vc_btn title=\u00a0\u00bbContactez-moi !\u00a0\u00bb color=\u00a0\u00bbviolet\u00a0\u00bb size=\u00a0\u00bblg\u00a0\u00bb align=\u00a0\u00bbcenter\u00a0\u00bb link=\u00a0\u00bburl:http%3A%2F%2Fwww.timetogether.fr%2Findex.php%2Fcontact%2F|title:Contactez-moi%20!||\u00a0\u00bb][\/vc_column][\/vc_row][vc_row][vc_column][vc_single_image image=\u00a0\u00bb5473&Prime; img_size=\u00a0\u00bblarge\u00a0\u00bb][\/vc_column][\/vc_row]<\/p>\n","protected":false},"excerpt":{"rendered":"<p>[vc_row][vc_column][vc_column_text]Vous souhaitez faire vivre de r\u00e9els moments de joie \u00e0 votre \u00e9quipe ? Vous cherchez une animation originale pour votre team building ? Le bien-\u00eatre de vos collaborateurs est votre priorit\u00e9 ? Vous souhaitez vous retrouver et re souder l\u2019esprit d\u2019\u00e9quipe ? Le yoga du rire est fait pour vous ! Quelques uns des nombreux&#8230;<\/p>\n","protected":false},"author":2,"featured_media":5473,"parent":0,"menu_order":0,"comment_status":"closed","ping_status":"closed","template":"","meta":{"inline_featured_image":false,"footnotes":""},"class_list":["post-5644","page","type-page","status-publish","has-post-thumbnail","hentry"],"yoast_head":"<!-- This site is optimized with the Yoast SEO plugin v24.7 - https:\/\/yoast.com\/wordpress\/plugins\/seo\/ -->\n<title>Professionnels - Time Together - Yoga du rire<\/title>\n<meta name=\"robots\" content=\"index, follow, max-snippet:-1, max-image-preview:large, max-video-preview:-1\" \/>\n<link rel=\"canonical\" href=\"https:\/\/www.timetogether.fr\/index.php\/professionnels\/\" \/>\n<meta property=\"og:locale\" content=\"fr_FR\" \/>\n<meta property=\"og:type\" content=\"article\" \/>\n<meta property=\"og:title\" content=\"Professionnels - Time Together - Yoga du rire\" \/>\n<meta property=\"og:description\" content=\"[vc_row][vc_column][vc_column_text]Vous souhaitez faire vivre de r\u00e9els moments de joie \u00e0 votre \u00e9quipe ? Vous cherchez une animation originale pour votre team building ? Le bien-\u00eatre de vos collaborateurs est votre priorit\u00e9 ? Vous souhaitez vous retrouver et re souder l\u2019esprit d\u2019\u00e9quipe ? Le yoga du rire est fait pour vous ! Quelques uns des nombreux...\" \/>\n<meta property=\"og:url\" content=\"https:\/\/www.timetogether.fr\/index.php\/professionnels\/\" \/>\n<meta property=\"og:site_name\" content=\"Time Together - Yoga du rire\" \/>\n<meta property=\"article:modified_time\" content=\"2020-07-19T17:55:02+00:00\" \/>\n<meta property=\"og:image\" content=\"https:\/\/www.timetogether.fr\/wp-content\/uploads\/2020\/05\/group-of-happy-multiracial-friends-raising-hands-and-smiling-3865569-1.jpg\" \/>\n\t<meta property=\"og:image:width\" content=\"2500\" \/>\n\t<meta property=\"og:image:height\" content=\"1667\" \/>\n\t<meta property=\"og:image:type\" content=\"image\/jpeg\" \/>\n<meta name=\"twitter:card\" content=\"summary_large_image\" \/>\n<meta name=\"twitter:label1\" content=\"Dur\u00e9e de lecture estim\u00e9e\" \/>\n\t<meta name=\"twitter:data1\" content=\"1 minute\" \/>\n<script type=\"application\/ld+json\" class=\"yoast-schema-graph\">{\"@context\":\"https:\/\/schema.org\",\"@graph\":[{\"@type\":\"WebPage\",\"@id\":\"https:\/\/www.timetogether.fr\/index.php\/professionnels\/\",\"url\":\"https:\/\/www.timetogether.fr\/index.php\/professionnels\/\",\"name\":\"Professionnels - Time Together - Yoga du rire\",\"isPartOf\":{\"@id\":\"https:\/\/www.timetogether.fr\/#website\"},\"primaryImageOfPage\":{\"@id\":\"https:\/\/www.timetogether.fr\/index.php\/professionnels\/#primaryimage\"},\"image\":{\"@id\":\"https:\/\/www.timetogether.fr\/index.php\/professionnels\/#primaryimage\"},\"thumbnailUrl\":\"https:\/\/www.timetogether.fr\/wp-content\/uploads\/2020\/05\/group-of-happy-multiracial-friends-raising-hands-and-smiling-3865569-1.jpg\",\"datePublished\":\"2020-07-19T17:51:23+00:00\",\"dateModified\":\"2020-07-19T17:55:02+00:00\",\"breadcrumb\":{\"@id\":\"https:\/\/www.timetogether.fr\/index.php\/professionnels\/#breadcrumb\"},\"inLanguage\":\"fr-FR\",\"potentialAction\":[{\"@type\":\"ReadAction\",\"target\":[\"https:\/\/www.timetogether.fr\/index.php\/professionnels\/\"]}]},{\"@type\":\"ImageObject\",\"inLanguage\":\"fr-FR\",\"@id\":\"https:\/\/www.timetogether.fr\/index.php\/professionnels\/#primaryimage\",\"url\":\"https:\/\/www.timetogether.fr\/wp-content\/uploads\/2020\/05\/group-of-happy-multiracial-friends-raising-hands-and-smiling-3865569-1.jpg\",\"contentUrl\":\"https:\/\/www.timetogether.fr\/wp-content\/uploads\/2020\/05\/group-of-happy-multiracial-friends-raising-hands-and-smiling-3865569-1.jpg\",\"width\":2500,\"height\":1667,\"caption\":\"Time Together - Yoga du Rire\"},{\"@type\":\"BreadcrumbList\",\"@id\":\"https:\/\/www.timetogether.fr\/index.php\/professionnels\/#breadcrumb\",\"itemListElement\":[{\"@type\":\"ListItem\",\"position\":1,\"name\":\"Accueil\",\"item\":\"https:\/\/www.timetogether.fr\/\"},{\"@type\":\"ListItem\",\"position\":2,\"name\":\"Professionnels\"}]},{\"@type\":\"WebSite\",\"@id\":\"https:\/\/www.timetogether.fr\/#website\",\"url\":\"https:\/\/www.timetogether.fr\/\",\"name\":\"Time Together - Yoga du rire\",\"description\":\"Prenez le temps de vous r\u00e9v\u00e9ler \u00e0 vous-m\u00eame !\",\"potentialAction\":[{\"@type\":\"SearchAction\",\"target\":{\"@type\":\"EntryPoint\",\"urlTemplate\":\"https:\/\/www.timetogether.fr\/?s={search_term_string}\"},\"query-input\":{\"@type\":\"PropertyValueSpecification\",\"valueRequired\":true,\"valueName\":\"search_term_string\"}}],\"inLanguage\":\"fr-FR\"}]}<\/script>\n<!-- \/ Yoast SEO plugin. -->","yoast_head_json":{"title":"Professionnels - Time Together - Yoga du rire","robots":{"index":"index","follow":"follow","max-snippet":"max-snippet:-1","max-image-preview":"max-image-preview:large","max-video-preview":"max-video-preview:-1"},"canonical":"https:\/\/www.timetogether.fr\/index.php\/professionnels\/","og_locale":"fr_FR","og_type":"article","og_title":"Professionnels - Time Together - Yoga du rire","og_description":"[vc_row][vc_column][vc_column_text]Vous souhaitez faire vivre de r\u00e9els moments de joie \u00e0 votre \u00e9quipe ? Vous cherchez une animation originale pour votre team building ? Le bien-\u00eatre de vos collaborateurs est votre priorit\u00e9 ? Vous souhaitez vous retrouver et re souder l\u2019esprit d\u2019\u00e9quipe ? Le yoga du rire est fait pour vous ! Quelques uns des nombreux...","og_url":"https:\/\/www.timetogether.fr\/index.php\/professionnels\/","og_site_name":"Time Together - Yoga du rire","article_modified_time":"2020-07-19T17:55:02+00:00","og_image":[{"width":2500,"height":1667,"url":"https:\/\/www.timetogether.fr\/wp-content\/uploads\/2020\/05\/group-of-happy-multiracial-friends-raising-hands-and-smiling-3865569-1.jpg","type":"image\/jpeg"}],"twitter_card":"summary_large_image","twitter_misc":{"Dur\u00e9e de lecture estim\u00e9e":"1 minute"},"schema":{"@context":"https:\/\/schema.org","@graph":[{"@type":"WebPage","@id":"https:\/\/www.timetogether.fr\/index.php\/professionnels\/","url":"https:\/\/www.timetogether.fr\/index.php\/professionnels\/","name":"Professionnels - Time Together - Yoga du rire","isPartOf":{"@id":"https:\/\/www.timetogether.fr\/#website"},"primaryImageOfPage":{"@id":"https:\/\/www.timetogether.fr\/index.php\/professionnels\/#primaryimage"},"image":{"@id":"https:\/\/www.timetogether.fr\/index.php\/professionnels\/#primaryimage"},"thumbnailUrl":"https:\/\/www.timetogether.fr\/wp-content\/uploads\/2020\/05\/group-of-happy-multiracial-friends-raising-hands-and-smiling-3865569-1.jpg","datePublished":"2020-07-19T17:51:23+00:00","dateModified":"2020-07-19T17:55:02+00:00","breadcrumb":{"@id":"https:\/\/www.timetogether.fr\/index.php\/professionnels\/#breadcrumb"},"inLanguage":"fr-FR","potentialAction":[{"@type":"ReadAction","target":["https:\/\/www.timetogether.fr\/index.php\/professionnels\/"]}]},{"@type":"ImageObject","inLanguage":"fr-FR","@id":"https:\/\/www.timetogether.fr\/index.php\/professionnels\/#primaryimage","url":"https:\/\/www.timetogether.fr\/wp-content\/uploads\/2020\/05\/group-of-happy-multiracial-friends-raising-hands-and-smiling-3865569-1.jpg","contentUrl":"https:\/\/www.timetogether.fr\/wp-content\/uploads\/2020\/05\/group-of-happy-multiracial-friends-raising-hands-and-smiling-3865569-1.jpg","width":2500,"height":1667,"caption":"Time Together - Yoga du Rire"},{"@type":"BreadcrumbList","@id":"https:\/\/www.timetogether.fr\/index.php\/professionnels\/#breadcrumb","itemListElement":[{"@type":"ListItem","position":1,"name":"Accueil","item":"https:\/\/www.timetogether.fr\/"},{"@type":"ListItem","position":2,"name":"Professionnels"}]},{"@type":"WebSite","@id":"https:\/\/www.timetogether.fr\/#website","url":"https:\/\/www.timetogether.fr\/","name":"Time Together - Yoga du rire","description":"Prenez le temps de vous r\u00e9v\u00e9ler \u00e0 vous-m\u00eame !","potentialAction":[{"@type":"SearchAction","target":{"@type":"EntryPoint","urlTemplate":"https:\/\/www.timetogether.fr\/?s={search_term_string}"},"query-input":{"@type":"PropertyValueSpecification","valueRequired":true,"valueName":"search_term_string"}}],"inLanguage":"fr-FR"}]}},"_links":{"self":[{"href":"https:\/\/www.timetogether.fr\/index.php\/wp-json\/wp\/v2\/pages\/5644","targetHints":{"allow":["GET"]}}],"collection":[{"href":"https:\/\/www.timetogether.fr\/index.php\/wp-json\/wp\/v2\/pages"}],"about":[{"href":"https:\/\/www.timetogether.fr\/index.php\/wp-json\/wp\/v2\/types\/page"}],"author":[{"embeddable":true,"href":"https:\/\/www.timetogether.fr\/index.php\/wp-json\/wp\/v2\/users\/2"}],"replies":[{"embeddable":true,"href":"https:\/\/www.timetogether.fr\/index.php\/wp-json\/wp\/v2\/comments?post=5644"}],"version-history":[{"count":0,"href":"https:\/\/www.timetogether.fr\/index.php\/wp-json\/wp\/v2\/pages\/5644\/revisions"}],"wp:featuredmedia":[{"embeddable":true,"href":"https:\/\/www.timetogether.fr\/index.php\/wp-json\/wp\/v2\/media\/5473"}],"wp:attachment":[{"href":"https:\/\/www.timetogether.fr\/index.php\/wp-json\/wp\/v2\/media?parent=5644"}],"curies":[{"name":"wp","href":"https:\/\/api.w.org\/{rel}","templated":true}]}}